{"id":1486,"date":"2022-11-11T15:28:11","date_gmt":"2022-11-11T14:28:11","guid":{"rendered":"https:\/\/arapede.net\/?page_id=1486"},"modified":"2022-11-11T15:28:25","modified_gmt":"2022-11-11T14:28:25","slug":"mentions-legales","status":"publish","type":"page","link":"https:\/\/arapede.net\/en\/mentions-legales\/","title":{"rendered":"Legal notice"},"content":{"rendered":"","protected":false},"excerpt":{"rendered":"<p>Mentions l\u00e9gales du site arapede.net, studio de cr\u00e9ation graphique, webdesign et marketing digital bas\u00e9 \u00e0 Le Lavandou sur la French Riviera.<\/p>","protected":false},"author":1,"featured_media":0,"parent":0,"menu_order":7,"comment_status":"closed","ping_status":"closed","template":"","meta":{"footnotes":""},"class_list":["post-1486","page","type-page","status-publish","hentry"],"_links":{"self":[{"href":"https:\/\/arapede.net\/en\/wp-json\/wp\/v2\/pages\/1486","targetHints":{"allow":["GET"]}}],"collection":[{"href":"https:\/\/arapede.net\/en\/wp-json\/wp\/v2\/pages"}],"about":[{"href":"https:\/\/arapede.net\/en\/wp-json\/wp\/v2\/types\/page"}],"author":[{"embeddable":true,"href":"https:\/\/arapede.net\/en\/wp-json\/wp\/v2\/users\/1"}],"replies":[{"embeddable":true,"href":"https:\/\/arapede.net\/en\/wp-json\/wp\/v2\/comments?post=1486"}],"version-history":[{"count":0,"href":"https:\/\/arapede.net\/en\/wp-json\/wp\/v2\/pages\/1486\/revisions"}],"wp:attachment":[{"href":"https:\/\/arapede.net\/en\/wp-json\/wp\/v2\/media?parent=1486"}],"curies":[{"name":"wp","href":"https:\/\/api.w.org\/{rel}","templated":true}]}}