{"id":2730,"date":"2026-03-23T10:40:46","date_gmt":"2026-03-23T09:40:46","guid":{"rendered":"https:\/\/arapede.net\/services\/"},"modified":"2026-03-25T19:21:27","modified_gmt":"2026-03-25T18:21:27","slug":"services","status":"publish","type":"page","link":"https:\/\/arapede.net\/en\/services\/","title":{"rendered":"Services"},"content":{"rendered":"<div data-elementor-type=\"wp-page\" data-elementor-id=\"2730\" class=\"elementor elementor-2730\" data-elementor-post-type=\"page\">\n\t\t\t\t\t\t<section class=\"elementor-section elementor-top-section elementor-element elementor-element-0a66cf3 elementor-section-boxed elementor-section-height-default elementor-section-height-default\" data-id=\"0a66cf3\" data-element_type=\"section\" data-e-type=\"section\">\n\t\t\t\t\t\t<div class=\"elementor-container elementor-column-gap-default\">\n\t\t\t\t\t<div class=\"elementor-column elementor-col-100 elementor-top-column elementor-element elementor-element-0b29d4b\" data-id=\"0b29d4b\" data-element_type=\"column\" data-e-type=\"column\">\n\t\t\t<div class=\"elementor-widget-wrap elementor-element-populated\">\n\t\t\t\t\t\t<div class=\"elementor-element elementor-element-fec696f elementor-widget elementor-widget-heading\" data-id=\"fec696f\" data-element_type=\"widget\" data-e-type=\"widget\" data-widget_type=\"heading.default\">\n\t\t\t\t<div class=\"elementor-widget-container\">\n\t\t\t\t\t<h1 class=\"elementor-heading-title elementor-size-default\">Our services<\/h1>\t\t\t\t<\/div>\n\t\t\t\t<\/div>\n\t\t\t\t<div class=\"elementor-element elementor-element-385408c elementor-widget-divider--view-line elementor-widget elementor-widget-divider\" data-id=\"385408c\" data-element_type=\"widget\" data-e-type=\"widget\" data-widget_type=\"divider.default\">\n\t\t\t\t<div class=\"elementor-widget-container\">\n\t\t\t\t\t\t\t<div class=\"elementor-divider\">\n\t\t\t<span class=\"elementor-divider-separator\">\n\t\t\t\t\t\t<\/span>\n\t\t<\/div>\n\t\t\t\t\t\t<\/div>\n\t\t\t\t<\/div>\n\t\t\t\t\t<\/div>\n\t\t<\/div>\n\t\t\t\t\t<\/div>\n\t\t<\/section>\n\t\t<div class=\"elementor-element elementor-element-1d1a6e8 e-flex e-con-boxed e-con e-parent\" data-id=\"1d1a6e8\" data-element_type=\"container\" data-e-type=\"container\">\n\t\t\t\t\t<div class=\"e-con-inner\">\n\t\t<div class=\"elementor-element elementor-element-f984dc0 e-con-full e-flex e-con e-child\" data-id=\"f984dc0\" data-element_type=\"container\" data-e-type=\"container\">\n\t\t<div class=\"elementor-element elementor-element-dabb456 e-con-full e-flex e-con e-child\" data-id=\"dabb456\" data-element_type=\"container\" data-e-type=\"container\">\n\t\t\t\t<div class=\"elementor-element elementor-element-15fde45 elementor-widget elementor-widget-heading\" data-id=\"15fde45\" data-element_type=\"widget\" data-e-type=\"widget\" data-widget_type=\"heading.default\">\n\t\t\t\t<div class=\"elementor-widget-container\">\n\t\t\t\t\t<h3 class=\"elementor-heading-title elementor-size-default\">Custom Frameworks &amp; Platforms<\/h3>\t\t\t\t<\/div>\n\t\t\t\t<\/div>\n\t\t\t\t<div class=\"elementor-element elementor-element-3a3bd40 elementor-widget elementor-widget-text-editor\" data-id=\"3a3bd40\" data-element_type=\"widget\" data-e-type=\"widget\" data-widget_type=\"text-editor.default\">\n\t\t\t\t<div class=\"elementor-widget-container\">\n\t\t\t\t\t\t\t\t\t<p>Some projects don't fit any mold. We design the complete web architecture that fits your organisation exactly \u2014 member spaces, community portals, dynamic directories, custom business logic. Not an adapted template. A framework built for you, scalable and maintainable.<\/p><p style=\"margin-top:10px;\"><strong>R\u00e9f\u00e9rences :<\/strong> FRNIX, ROSeS\/SESAN<\/p>\t\t\t\t\t\t\t\t<\/div>\n\t\t\t\t<\/div>\n\t\t\t\t<\/div>\n\t\t\t\t<\/div>\n\t\t<div class=\"elementor-element elementor-element-fb0aa95 e-con-full e-flex e-con e-child\" data-id=\"fb0aa95\" data-element_type=\"container\" data-e-type=\"container\">\n\t\t<div class=\"elementor-element elementor-element-e92a279 e-con-full e-flex e-con e-child\" data-id=\"e92a279\" data-element_type=\"container\" data-e-type=\"container\">\n\t\t\t\t<div class=\"elementor-element elementor-element-90ec7b5 elementor-widget elementor-widget-heading\" data-id=\"90ec7b5\" data-element_type=\"widget\" data-e-type=\"widget\" data-widget_type=\"heading.default\">\n\t\t\t\t<div class=\"elementor-widget-container\">\n\t\t\t\t\t<h3 class=\"elementor-heading-title elementor-size-default\">Multilingual Corporate Websites<\/h3>\t\t\t\t<\/div>\n\t\t\t\t<\/div>\n\t\t\t\t<div class=\"elementor-element elementor-element-0ecccd3 elementor-widget elementor-widget-text-editor\" data-id=\"0ecccd3\" data-element_type=\"widget\" data-e-type=\"widget\" data-widget_type=\"text-editor.default\">\n\t\t\t\t<div class=\"elementor-widget-container\">\n\t\t\t\t\t\t\t\t\t<p>Your business crosses borders \u2014 so does your website. We design professional B2B websites built from the start for multiple languages and markets, with a consistent and maintainable content architecture.<\/p><p style=\"margin-top:10px;\"><strong>R\u00e9f\u00e9rences :<\/strong> VIA-DC, BlueSun-DC, CGC Infra<\/p>\t\t\t\t\t\t\t\t<\/div>\n\t\t\t\t<\/div>\n\t\t\t\t<\/div>\n\t\t\t\t<\/div>\n\t\t\t\t\t<\/div>\n\t\t\t\t<\/div>\n\t\t<div class=\"elementor-element elementor-element-f1e60e6 e-flex e-con-boxed e-con e-parent\" data-id=\"f1e60e6\" data-element_type=\"container\" data-e-type=\"container\">\n\t\t\t\t\t<div class=\"e-con-inner\">\n\t\t<div class=\"elementor-element elementor-element-64992f5 e-con-full e-flex e-con e-child\" data-id=\"64992f5\" data-element_type=\"container\" data-e-type=\"container\">\n\t\t<div class=\"elementor-element elementor-element-d729ae5 e-con-full e-flex e-con e-child\" data-id=\"d729ae5\" data-element_type=\"container\" data-e-type=\"container\">\n\t\t\t\t<div class=\"elementor-element elementor-element-5457470 elementor-widget elementor-widget-heading\" data-id=\"5457470\" data-element_type=\"widget\" data-e-type=\"widget\" data-widget_type=\"heading.default\">\n\t\t\t\t<div class=\"elementor-widget-container\">\n\t\t\t\t\t<h3 class=\"elementor-heading-title elementor-size-default\">Custom Business Websites<\/h3>\t\t\t\t<\/div>\n\t\t\t\t<\/div>\n\t\t\t\t<div class=\"elementor-element elementor-element-0e3d50d elementor-widget elementor-widget-text-editor\" data-id=\"0e3d50d\" data-element_type=\"widget\" data-e-type=\"widget\" data-widget_type=\"text-editor.default\">\n\t\t\t\t<div class=\"elementor-widget-container\">\n\t\t\t\t\t\t\t\t\t<p>Every business has its specifics. Online booking, dynamic catalogs, advanced forms, third-party connectors \u2014 we build websites that fit your processes, not the other way around.<\/p><p style=\"margin-top:10px;\"><strong>R\u00e9f\u00e9rences :<\/strong> Villa Evgenia<\/p>\t\t\t\t\t\t\t\t<\/div>\n\t\t\t\t<\/div>\n\t\t\t\t<\/div>\n\t\t\t\t<\/div>\n\t\t<div class=\"elementor-element elementor-element-f0d07da e-con-full e-flex e-con e-child\" data-id=\"f0d07da\" data-element_type=\"container\" data-e-type=\"container\">\n\t\t<div class=\"elementor-element elementor-element-b83b118 e-con-full e-flex e-con e-child\" data-id=\"b83b118\" data-element_type=\"container\" data-e-type=\"container\">\n\t\t\t\t<div class=\"elementor-element elementor-element-6e63428 elementor-widget elementor-widget-heading\" data-id=\"6e63428\" data-element_type=\"widget\" data-e-type=\"widget\" data-widget_type=\"heading.default\">\n\t\t\t\t<div class=\"elementor-widget-container\">\n\t\t\t\t\t<h3 class=\"elementor-heading-title elementor-size-default\">Content Strategy &amp; Consulting<\/h3>\t\t\t\t<\/div>\n\t\t\t\t<\/div>\n\t\t\t\t<div class=\"elementor-element elementor-element-f7b6357 elementor-widget elementor-widget-text-editor\" data-id=\"f7b6357\" data-element_type=\"widget\" data-e-type=\"widget\" data-widget_type=\"text-editor.default\">\n\t\t\t\t<div class=\"elementor-widget-container\">\n\t\t\t\t\t\t\t\t\t<p>Beaucoup de nos clients arrivent avec un besoin clair \u2014 \u00abon veut un site\u00bb \u2014 mais sans savoir quoi y mettre ni comment l\u2019organiser. C\u2019est exactement l\u00e0 qu\u2019on intervient en premier. Avant d\u2019\u00e9crire une ligne de code, nous travaillons avec vous sur la structure, le contenu, le message et l\u2019architecture de l\u2019information. Pour qu\u2019au moment de construire, chaque page ait une raison d\u2019exister et un r\u00f4le pr\u00e9cis dans votre organisation.<\/p>\t\t\t\t\t\t\t\t<\/div>\n\t\t\t\t<\/div>\n\t\t\t\t<\/div>\n\t\t\t\t<\/div>\n\t\t\t\t\t<\/div>\n\t\t\t\t<\/div>\n\t\t<div class=\"elementor-element elementor-element-5b0e225 e-flex e-con-boxed e-con e-parent\" data-id=\"5b0e225\" data-element_type=\"container\" data-e-type=\"container\">\n\t\t\t\t\t<div class=\"e-con-inner\">\n\t\t<div class=\"elementor-element elementor-element-e0acebc e-con-full e-flex e-con e-child\" data-id=\"e0acebc\" data-element_type=\"container\" data-e-type=\"container\">\n\t\t<div class=\"elementor-element elementor-element-2ac8e80 e-con-full e-flex e-con e-child\" data-id=\"2ac8e80\" data-element_type=\"container\" data-e-type=\"container\">\n\t\t\t\t<div class=\"elementor-element elementor-element-fde76f5 elementor-widget elementor-widget-heading\" data-id=\"fde76f5\" data-element_type=\"widget\" data-e-type=\"widget\" data-widget_type=\"heading.default\">\n\t\t\t\t<div class=\"elementor-widget-container\">\n\t\t\t\t\t<h3 class=\"elementor-heading-title elementor-size-default\">Maintenance &amp; Evolution<\/h3>\t\t\t\t<\/div>\n\t\t\t\t<\/div>\n\t\t\t\t<div class=\"elementor-element elementor-element-3875013 elementor-widget elementor-widget-text-editor\" data-id=\"3875013\" data-element_type=\"widget\" data-e-type=\"widget\" data-widget_type=\"text-editor.default\">\n\t\t\t\t<div class=\"elementor-widget-container\">\n\t\t\t\t\t\t\t\t\t<p>A delivered website is a website that keeps living. We handle technical maintenance, updates, and functional improvements \u2014 on our own projects and on other WordPress websites. Because a tool that isn\u2019t maintained eventually rusts.<\/p>\t\t\t\t\t\t\t\t<\/div>\n\t\t\t\t<\/div>\n\t\t\t\t<\/div>\n\t\t\t\t<\/div>\n\t\t<div class=\"elementor-element elementor-element-02eefdb e-con-full e-flex e-con e-child\" data-id=\"02eefdb\" data-element_type=\"container\" data-e-type=\"container\">\n\t\t\t\t<\/div>\n\t\t\t\t\t<\/div>\n\t\t\t\t<\/div>\n\t\t<div class=\"elementor-element elementor-element-37f3e00 e-flex e-con-boxed e-con e-parent\" data-id=\"37f3e00\" data-element_type=\"container\" data-e-type=\"container\">\n\t\t\t\t\t<div class=\"e-con-inner\">\n\t\t<div class=\"elementor-element elementor-element-6229cc3 e-con-full e-flex e-con e-child\" data-id=\"6229cc3\" data-element_type=\"container\" data-e-type=\"container\">\n\t\t\t\t<div class=\"elementor-element elementor-element-9d4dcb1 elementor-align-center elementor-widget elementor-widget-button\" data-id=\"9d4dcb1\" data-element_type=\"widget\" data-e-type=\"widget\" data-widget_type=\"button.default\">\n\t\t\t\t<div class=\"elementor-widget-container\">\n\t\t\t\t\t\t\t\t\t<div class=\"elementor-button-wrapper\">\n\t\t\t\t\t<a class=\"elementor-button elementor-button-link elementor-size-lg\" href=\"\/en\/contact\/\">\n\t\t\t\t\t\t<span class=\"elementor-button-content-wrapper\">\n\t\t\t\t\t\t\t\t\t<span class=\"elementor-button-text\">Vous avez un projet ? Parlons-en \u2192<\/span>\n\t\t\t\t\t<\/span>\n\t\t\t\t\t<\/a>\n\t\t\t\t<\/div>\n\t\t\t\t\t\t\t\t<\/div>\n\t\t\t\t<\/div>\n\t\t\t\t<\/div>\n\t\t\t\t\t<\/div>\n\t\t\t\t<\/div>\n\t\t\t\t<\/div>","protected":false},"excerpt":{"rendered":"<p>Nos services Frameworks &amp; Plateformes Sur Mesure Certains projets ne rentrent dans aucune case. Nous concevons de A \u00e0 Z l\u2019architecture web qui correspond exactement \u00e0 votre organisation \u2014 espaces membres, portails communautaires, annuaires dynamiques, logique m\u00e9tier sur mesure. Pas un template adapt\u00e9. Un framework pens\u00e9 pour vous, \u00e9volutif et maintenable. R\u00e9f\u00e9rences : FRNIX, ROSeS\/SESAN [&hellip;]<\/p>\n","protected":false},"author":1,"featured_media":0,"parent":0,"menu_order":0,"comment_status":"closed","ping_status":"closed","template":"","meta":{"footnotes":""},"class_list":["post-2730","page","type-page","status-publish","hentry"],"_links":{"self":[{"href":"https:\/\/arapede.net\/en\/wp-json\/wp\/v2\/pages\/2730","targetHints":{"allow":["GET"]}}],"collection":[{"href":"https:\/\/arapede.net\/en\/wp-json\/wp\/v2\/pages"}],"about":[{"href":"https:\/\/arapede.net\/en\/wp-json\/wp\/v2\/types\/page"}],"author":[{"embeddable":true,"href":"https:\/\/arapede.net\/en\/wp-json\/wp\/v2\/users\/1"}],"replies":[{"embeddable":true,"href":"https:\/\/arapede.net\/en\/wp-json\/wp\/v2\/comments?post=2730"}],"version-history":[{"count":10,"href":"https:\/\/arapede.net\/en\/wp-json\/wp\/v2\/pages\/2730\/revisions"}],"predecessor-version":[{"id":2798,"href":"https:\/\/arapede.net\/en\/wp-json\/wp\/v2\/pages\/2730\/revisions\/2798"}],"wp:attachment":[{"href":"https:\/\/arapede.net\/en\/wp-json\/wp\/v2\/media?parent=2730"}],"curies":[{"name":"wp","href":"https:\/\/api.w.org\/{rel}","templated":true}]}}