{"id":476,"date":"2022-11-05T15:54:04","date_gmt":"2022-11-05T14:54:04","guid":{"rendered":"https:\/\/arapede.net\/?page_id=476"},"modified":"2026-03-27T07:46:41","modified_gmt":"2026-03-27T06:46:41","slug":"home","status":"publish","type":"page","link":"https:\/\/arapede.net\/en\/","title":{"rendered":"Home"},"content":{"rendered":"<div data-elementor-type=\"wp-page\" data-elementor-id=\"476\" class=\"elementor elementor-476\" data-elementor-post-type=\"page\">\n\t\t\t\t<div class=\"elementor-element elementor-element-1bd6de0 e-flex e-con-boxed e-con e-parent\" data-id=\"1bd6de0\" data-element_type=\"container\" data-e-type=\"container\">\n\t\t\t\t\t<div class=\"e-con-inner\">\n\t\t<div class=\"elementor-element elementor-element-987f369 e-con-full e-flex e-con e-child\" data-id=\"987f369\" data-element_type=\"container\" data-e-type=\"container\">\n\t\t\t\t<div class=\"elementor-element elementor-element-39afe06 elementor-widget__width-initial elementor-widget elementor-widget-heading\" data-id=\"39afe06\" data-element_type=\"widget\" data-e-type=\"widget\" data-widget_type=\"heading.default\">\n\t\t\t\t<div class=\"elementor-widget-container\">\n\t\t\t\t\t<h1 class=\"elementor-heading-title elementor-size-default\">What if your website became one of the engines of your business?<\/h1>\t\t\t\t<\/div>\n\t\t\t\t<\/div>\n\t\t\t\t<div class=\"elementor-element elementor-element-7671635 elementor-widget__width-initial elementor-widget elementor-widget-text-editor\" data-id=\"7671635\" data-element_type=\"widget\" data-e-type=\"widget\" data-widget_type=\"text-editor.default\">\n\t\t\t\t<div class=\"elementor-widget-container\">\n\t\t\t\t\t\t\t\t\t<p style=\"text-align: center;\">Community portals, member spaces, multilingual corporate websites. Arap\u00e8de turns your complex projects into web tools your teams can use every day.<\/p>\t\t\t\t\t\t\t\t<\/div>\n\t\t\t\t<\/div>\n\t\t\t\t<div class=\"elementor-element elementor-element-858cfdb elementor-align-center elementor-widget elementor-widget-button\" data-id=\"858cfdb\" data-element_type=\"widget\" data-e-type=\"widget\" data-widget_type=\"button.default\">\n\t\t\t\t<div class=\"elementor-widget-container\">\n\t\t\t\t\t\t\t\t\t<div class=\"elementor-button-wrapper\">\n\t\t\t\t\t<a class=\"elementor-button elementor-button-link elementor-size-sm\" href=\"\/en\/contact\/\">\n\t\t\t\t\t\t<span class=\"elementor-button-content-wrapper\">\n\t\t\t\t\t\t<span class=\"elementor-button-icon\">\n\t\t\t\t<svg aria-hidden=\"true\" class=\"e-font-icon-svg e-fas-long-arrow-alt-right\" viewbox=\"0 0 448 512\" xmlns=\"http:\/\/www.w3.org\/2000\/svg\"><path d=\"M313.941 216H12c-6.627 0-12 5.373-12 12v56c0 6.627 5.373 12 12 12h301.941v46.059c0 21.382 25.851 32.09 40.971 16.971l86.059-86.059c9.373-9.373 9.373-24.569 0-33.941l-86.059-86.059c-15.119-15.119-40.971-4.411-40.971 16.971V216z\"><\/path><\/svg>\t\t\t<\/span>\n\t\t\t\t\t\t\t\t\t<span class=\"elementor-button-text\">\u2713 Let's talk about your project<\/span>\n\t\t\t\t\t<\/span>\n\t\t\t\t\t<\/a>\n\t\t\t\t<\/div>\n\t\t\t\t\t\t\t\t<\/div>\n\t\t\t\t<\/div>\n\t\t\t\t<\/div>\n\t\t\t\t\t<\/div>\n\t\t\t\t<\/div>\n\t\t<div class=\"elementor-element elementor-element-8d70beb e-flex e-con-boxed e-con e-parent\" data-id=\"8d70beb\" data-element_type=\"container\" data-e-type=\"container\" data-settings=\"{&quot;background_background&quot;:&quot;classic&quot;}\">\n\t\t\t\t\t<div class=\"e-con-inner\">\n\t\t<div class=\"elementor-element elementor-element-6e1f771 e-con-full e-flex e-con e-child\" data-id=\"6e1f771\" data-element_type=\"container\" data-e-type=\"container\">\n\t\t\t\t<div class=\"elementor-element elementor-element-ccb46c2 elementor-widget elementor-widget-heading\" data-id=\"ccb46c2\" data-element_type=\"widget\" data-e-type=\"widget\" data-widget_type=\"heading.default\">\n\t\t\t\t<div class=\"elementor-widget-container\">\n\t\t\t\t\t<h3 class=\"elementor-heading-title elementor-size-default\">Custom Frameworks &amp; Platforms<\/h3>\t\t\t\t<\/div>\n\t\t\t\t<\/div>\n\t\t\t\t<div class=\"elementor-element elementor-element-bf057a4 elementor-widget elementor-widget-text-editor\" data-id=\"bf057a4\" data-element_type=\"widget\" data-e-type=\"widget\" data-widget_type=\"text-editor.default\">\n\t\t\t\t<div class=\"elementor-widget-container\">\n\t\t\t\t\t\t\t\t\t<p>Member spaces, community portals, dynamic directories, custom business logic. A framework built for you, scalable and maintainable.<\/p>\t\t\t\t\t\t\t\t<\/div>\n\t\t\t\t<\/div>\n\t\t\t\t<div class=\"elementor-element elementor-element-419a4836-164b-420d-be70-27ca974cbf75 elementor-widget elementor-widget-image\" data-id=\"419a4836-164b-420d-be70-27ca974cbf75\" data-element_type=\"widget\" data-e-type=\"widget\" data-widget_type=\"image.default\">\n\t\t\t\t<div class=\"elementor-widget-container\">\n\t\t\t\t\t\t\t\t\t\t\t\t\t\t\t\t<a href=\"\/en\/portfolio\/\">\n\t\t\t\t\t\t\t<img fetchpriority=\"high\" decoding=\"async\" width=\"800\" height=\"370\" src=\"https:\/\/arapede.net\/wp-content\/uploads\/frnix2-2026-03-25_16h49_46-1200x555.png\" class=\"attachment-large size-large wp-image-2789\" alt=\"\" srcset=\"https:\/\/arapede.net\/wp-content\/uploads\/frnix2-2026-03-25_16h49_46-1200x555.png 1200w, https:\/\/arapede.net\/wp-content\/uploads\/frnix2-2026-03-25_16h49_46-300x139.png 300w, https:\/\/arapede.net\/wp-content\/uploads\/frnix2-2026-03-25_16h49_46-768x355.png 768w, https:\/\/arapede.net\/wp-content\/uploads\/frnix2-2026-03-25_16h49_46-1536x710.png 1536w, https:\/\/arapede.net\/wp-content\/uploads\/frnix2-2026-03-25_16h49_46.png 1902w\" sizes=\"(max-width: 800px) 100vw, 800px\" \/>\t\t\t\t\t\t\t\t<\/a>\n\t\t\t\t\t\t\t\t\t\t\t\t\t\t\t<\/div>\n\t\t\t\t<\/div>\n\t\t\t\t<div class=\"elementor-element elementor-element-4860011a-7222-40d2-ba50-b96f7486f9cc elementor-widget elementor-widget-html\" data-id=\"4860011a-7222-40d2-ba50-b96f7486f9cc\" data-element_type=\"widget\" data-e-type=\"widget\" data-widget_type=\"html.default\">\n\t\t\t\t<div class=\"elementor-widget-container\">\n\t\t\t\t\t<div class=\"hover-btns\"><a href=\"\/en\/portfolio\/\" class=\"hbtn hbtn-primary\"><span style='margin-right:8px;'>\u2713<\/span> View project<\/a><a href=\"\/en\/contact\/\" class=\"hbtn hbtn-secondary\"><span style='margin-right:8px;'>\u2610<\/span> Let's talk about your project<\/a><\/div>\t\t\t\t<\/div>\n\t\t\t\t<\/div>\n\t\t\t\t<\/div>\n\t\t<div class=\"elementor-element elementor-element-dfe907d e-con-full e-flex e-con e-child\" data-id=\"dfe907d\" data-element_type=\"container\" data-e-type=\"container\">\n\t\t\t\t<div class=\"elementor-element elementor-element-d276891 elementor-widget elementor-widget-heading\" data-id=\"d276891\" data-element_type=\"widget\" data-e-type=\"widget\" data-widget_type=\"heading.default\">\n\t\t\t\t<div class=\"elementor-widget-container\">\n\t\t\t\t\t<h3 class=\"elementor-heading-title elementor-size-default\">Multilingual Corporate Websites<\/h3>\t\t\t\t<\/div>\n\t\t\t\t<\/div>\n\t\t\t\t<div class=\"elementor-element elementor-element-578008c elementor-widget elementor-widget-text-editor\" data-id=\"578008c\" data-element_type=\"widget\" data-e-type=\"widget\" data-widget_type=\"text-editor.default\">\n\t\t\t\t<div class=\"elementor-widget-container\">\n\t\t\t\t\t\t\t\t\t<p>Professional B2B websites designed from the start for multiple languages and markets, with a consistent and maintainable content architecture.<\/p>\t\t\t\t\t\t\t\t<\/div>\n\t\t\t\t<\/div>\n\t\t\t\t<div class=\"elementor-element elementor-element-7dc0e32b-80ca-4202-9c68-6979cea16a37 elementor-widget elementor-widget-image\" data-id=\"7dc0e32b-80ca-4202-9c68-6979cea16a37\" data-element_type=\"widget\" data-e-type=\"widget\" data-widget_type=\"image.default\">\n\t\t\t\t<div class=\"elementor-widget-container\">\n\t\t\t\t\t\t\t\t\t\t\t\t\t\t\t\t<a href=\"\/en\/portfolio\/\">\n\t\t\t\t\t\t\t<img decoding=\"async\" width=\"800\" height=\"367\" src=\"https:\/\/arapede.net\/wp-content\/uploads\/bluesun-dc-2026-03-25_16h46_54-1200x551.png\" class=\"attachment-large size-large wp-image-2784\" alt=\"\" srcset=\"https:\/\/arapede.net\/wp-content\/uploads\/bluesun-dc-2026-03-25_16h46_54-1200x551.png 1200w, https:\/\/arapede.net\/wp-content\/uploads\/bluesun-dc-2026-03-25_16h46_54-300x138.png 300w, https:\/\/arapede.net\/wp-content\/uploads\/bluesun-dc-2026-03-25_16h46_54-768x353.png 768w, https:\/\/arapede.net\/wp-content\/uploads\/bluesun-dc-2026-03-25_16h46_54-1536x705.png 1536w, https:\/\/arapede.net\/wp-content\/uploads\/bluesun-dc-2026-03-25_16h46_54.png 1899w\" sizes=\"(max-width: 800px) 100vw, 800px\" \/>\t\t\t\t\t\t\t\t<\/a>\n\t\t\t\t\t\t\t\t\t\t\t\t\t\t\t<\/div>\n\t\t\t\t<\/div>\n\t\t\t\t<div class=\"elementor-element elementor-element-e6eae7a6-32bd-4b73-ac24-4b933470b0b1 elementor-widget elementor-widget-html\" data-id=\"e6eae7a6-32bd-4b73-ac24-4b933470b0b1\" data-element_type=\"widget\" data-e-type=\"widget\" data-widget_type=\"html.default\">\n\t\t\t\t<div class=\"elementor-widget-container\">\n\t\t\t\t\t<div class=\"hover-btns\"><a href=\"\/en\/portfolio\/\" class=\"hbtn hbtn-primary\"><span style='margin-right:8px;'>\u2713<\/span> View project<\/a><a href=\"\/en\/contact\/\" class=\"hbtn hbtn-secondary\"><span style='margin-right:8px;'>\u2610<\/span> Let's talk about your project<\/a><\/div>\t\t\t\t<\/div>\n\t\t\t\t<\/div>\n\t\t\t\t<\/div>\n\t\t<div class=\"elementor-element elementor-element-057cc4f e-con-full e-flex e-con e-child\" data-id=\"057cc4f\" data-element_type=\"container\" data-e-type=\"container\">\n\t\t\t\t<div class=\"elementor-element elementor-element-5aae989 elementor-widget elementor-widget-heading\" data-id=\"5aae989\" data-element_type=\"widget\" data-e-type=\"widget\" data-widget_type=\"heading.default\">\n\t\t\t\t<div class=\"elementor-widget-container\">\n\t\t\t\t\t<h3 class=\"elementor-heading-title elementor-size-default\">Custom Business Websites<\/h3>\t\t\t\t<\/div>\n\t\t\t\t<\/div>\n\t\t\t\t<div class=\"elementor-element elementor-element-c0662ac elementor-widget elementor-widget-text-editor\" data-id=\"c0662ac\" data-element_type=\"widget\" data-e-type=\"widget\" data-widget_type=\"text-editor.default\">\n\t\t\t\t<div class=\"elementor-widget-container\">\n\t\t\t\t\t\t\t\t\t<p>Online booking, dynamic catalogs, advanced forms, third-party connectors \u2014 websites that fit your processes, not the other way around.<\/p>\t\t\t\t\t\t\t\t<\/div>\n\t\t\t\t<\/div>\n\t\t\t\t<div class=\"elementor-element elementor-element-3ae778ea-d2a6-462f-8156-02efc184cdae elementor-widget elementor-widget-image\" data-id=\"3ae778ea-d2a6-462f-8156-02efc184cdae\" data-element_type=\"widget\" data-e-type=\"widget\" data-widget_type=\"image.default\">\n\t\t\t\t<div class=\"elementor-widget-container\">\n\t\t\t\t\t\t\t\t\t\t\t\t\t\t\t\t<a href=\"\/en\/portfolio\/\">\n\t\t\t\t\t\t\t<img decoding=\"async\" width=\"800\" height=\"383\" src=\"https:\/\/arapede.net\/wp-content\/uploads\/terralpha-2026-03-25_16h45_33-1200x574.png\" class=\"attachment-large size-large wp-image-2781\" alt=\"\" srcset=\"https:\/\/arapede.net\/wp-content\/uploads\/terralpha-2026-03-25_16h45_33-1200x574.png 1200w, https:\/\/arapede.net\/wp-content\/uploads\/terralpha-2026-03-25_16h45_33-300x144.png 300w, https:\/\/arapede.net\/wp-content\/uploads\/terralpha-2026-03-25_16h45_33-768x367.png 768w, https:\/\/arapede.net\/wp-content\/uploads\/terralpha-2026-03-25_16h45_33-1536x735.png 1536w, https:\/\/arapede.net\/wp-content\/uploads\/terralpha-2026-03-25_16h45_33.png 1906w\" sizes=\"(max-width: 800px) 100vw, 800px\" \/>\t\t\t\t\t\t\t\t<\/a>\n\t\t\t\t\t\t\t\t\t\t\t\t\t\t\t<\/div>\n\t\t\t\t<\/div>\n\t\t\t\t<div class=\"elementor-element elementor-element-ebbe3b84-f196-4ea6-ad8b-00e958943500 elementor-widget elementor-widget-html\" data-id=\"ebbe3b84-f196-4ea6-ad8b-00e958943500\" data-element_type=\"widget\" data-e-type=\"widget\" data-widget_type=\"html.default\">\n\t\t\t\t<div class=\"elementor-widget-container\">\n\t\t\t\t\t<div class=\"hover-btns\"><a href=\"\/en\/portfolio\/\" class=\"hbtn hbtn-primary\"><span style='margin-right:8px;'>\u2713<\/span> View project<\/a><a href=\"\/en\/contact\/\" class=\"hbtn hbtn-secondary\"><span style='margin-right:8px;'>\u2610<\/span> Let's talk about your project<\/a><\/div>\t\t\t\t<\/div>\n\t\t\t\t<\/div>\n\t\t\t\t<\/div>\n\t\t\t\t\t<\/div>\n\t\t\t\t<\/div>\n\t\t<div class=\"elementor-element elementor-element-b5f6e720-11ad-46c4-ab4e-35357f4ea3d8 e-con-full e-flex e-con e-parent\" data-id=\"b5f6e720-11ad-46c4-ab4e-35357f4ea3d8\" data-element_type=\"container\" data-e-type=\"container\" data-settings=\"{&quot;background_background&quot;:&quot;classic&quot;}\">\n\t\t<div class=\"elementor-element elementor-element-f23f130e-24f0-41f3-970e-54768d903ab9 e-flex e-con-boxed e-con e-child\" data-id=\"f23f130e-24f0-41f3-970e-54768d903ab9\" data-element_type=\"container\" data-e-type=\"container\">\n\t\t\t\t\t<div class=\"e-con-inner\">\n\t\t\t\t<div class=\"elementor-element elementor-element-7ee573c1-73d9-48eb-9c6c-d2e7df95d85a elementor-widget elementor-widget-heading\" data-id=\"7ee573c1-73d9-48eb-9c6c-d2e7df95d85a\" data-element_type=\"widget\" data-e-type=\"widget\" data-widget_type=\"heading.default\">\n\t\t\t\t<div class=\"elementor-widget-container\">\n\t\t\t\t\t<h2 class=\"elementor-heading-title elementor-size-default\">Insights<\/h2>\t\t\t\t<\/div>\n\t\t\t\t<\/div>\n\t\t\t\t<div class=\"elementor-element elementor-element-e7d4f515-2703-4c07-bf0c-a0f865c21be1 elementor-widget elementor-widget-text-editor\" data-id=\"e7d4f515-2703-4c07-bf0c-a0f865c21be1\" data-element_type=\"widget\" data-e-type=\"widget\" data-widget_type=\"text-editor.default\">\n\t\t\t\t<div class=\"elementor-widget-container\">\n\t\t\t\t\t\t\t\t\t<p style=\"text-align:center;\">Three topics our clients always bring up.<br>Our answers, in writing.<\/p>\t\t\t\t\t\t\t\t<\/div>\n\t\t\t\t<\/div>\n\t\t\t\t\t<\/div>\n\t\t\t\t<\/div>\n\t\t<div class=\"elementor-element elementor-element-246fb74 e-flex e-con-boxed e-con e-child\" data-id=\"246fb74\" data-element_type=\"container\" data-e-type=\"container\">\n\t\t\t\t\t<div class=\"e-con-inner\">\n\t\t<div class=\"elementor-element elementor-element-5c57cfc e-flex e-con-boxed e-con e-child\" data-id=\"5c57cfc\" data-element_type=\"container\" data-e-type=\"container\">\n\t\t\t\t\t<div class=\"e-con-inner\">\n\t\t<div class=\"elementor-element elementor-element-419cd8de-190b-428b-9215-f7c4b1913beb e-con-full e-flex e-con e-child\" data-id=\"419cd8de-190b-428b-9215-f7c4b1913beb\" data-element_type=\"container\" data-e-type=\"container\">\n\t\t\t\t<div class=\"elementor-element elementor-element-009184e8-bfd5-422f-8244-9ab39413815e elementor-widget elementor-widget-heading\" data-id=\"009184e8-bfd5-422f-8244-9ab39413815e\" data-element_type=\"widget\" data-e-type=\"widget\" data-widget_type=\"heading.default\">\n\t\t\t\t<div class=\"elementor-widget-container\">\n\t\t\t\t\t<p class=\"elementor-heading-title elementor-size-default\">REDESIGN<\/p>\t\t\t\t<\/div>\n\t\t\t\t<\/div>\n\t\t\t\t<div class=\"elementor-element elementor-element-897f50cf-1981-4726-87c2-21c4b9c48a4c elementor-widget elementor-widget-heading\" data-id=\"897f50cf-1981-4726-87c2-21c4b9c48a4c\" data-element_type=\"widget\" data-e-type=\"widget\" data-widget_type=\"heading.default\">\n\t\t\t\t<div class=\"elementor-widget-container\">\n\t\t\t\t\t<h3 class=\"elementor-heading-title elementor-size-default\">Starting from scratch is often the most cost-effective decision.<\/h3>\t\t\t\t<\/div>\n\t\t\t\t<\/div>\n\t\t\t\t<div class=\"elementor-element elementor-element-ae78620f-1836-454d-bc9b-11d689875bcc elementor-widget elementor-widget-text-editor\" data-id=\"ae78620f-1836-454d-bc9b-11d689875bcc\" data-element_type=\"widget\" data-e-type=\"widget\" data-widget_type=\"text-editor.default\">\n\t\t\t\t<div class=\"elementor-widget-container\">\n\t\t\t\t\t\t\t\t\t<p>Modernising an existing website seems reasonable. It is often the most expensive option in the long run.<\/p>\t\t\t\t\t\t\t\t<\/div>\n\t\t\t\t<\/div>\n\t\t\t\t<div class=\"elementor-element elementor-element-5aa7f318-a730-4d5e-88c9-7d4f07e1ea0b elementor-widget elementor-widget-html\" data-id=\"5aa7f318-a730-4d5e-88c9-7d4f07e1ea0b\" data-element_type=\"widget\" data-e-type=\"widget\" data-widget_type=\"html.default\">\n\t\t\t\t<div class=\"elementor-widget-container\">\n\t\t\t\t\t<div class=\"hover-btns\"><a href=\"\/en\/a-savoir\/refonte-from-scratch\/\" class=\"hbtn hbtn-primary\"><span style='margin-right:8px;'>\u2713<\/span> Read the note<\/a><a href=\"https:\/\/arapede.net\/wp-content\/uploads\/note_site_from_scratch.pdf\" target=\"_blank\" class=\"hbtn hbtn-secondary\"><span style='margin-right:8px;'>\u2610<\/span> Download the PDF<\/a><\/div>\t\t\t\t<\/div>\n\t\t\t\t<\/div>\n\t\t\t\t<\/div>\n\t\t\t\t\t<\/div>\n\t\t\t\t<\/div>\n\t\t<div class=\"elementor-element elementor-element-db29e9f e-con-full e-flex e-con e-child\" data-id=\"db29e9f\" data-element_type=\"container\" data-e-type=\"container\">\n\t\t<div class=\"elementor-element elementor-element-a8572bbc-a8fc-43b5-950d-65648916c1de e-con-full e-flex e-con e-child\" data-id=\"a8572bbc-a8fc-43b5-950d-65648916c1de\" data-element_type=\"container\" data-e-type=\"container\">\n\t\t\t\t<div class=\"elementor-element elementor-element-197466b6-361b-4295-a30c-da9a3115e97e elementor-widget elementor-widget-heading\" data-id=\"197466b6-361b-4295-a30c-da9a3115e97e\" data-element_type=\"widget\" data-e-type=\"widget\" data-widget_type=\"heading.default\">\n\t\t\t\t<div class=\"elementor-widget-container\">\n\t\t\t\t\t<p class=\"elementor-heading-title elementor-size-default\">SEO &amp; LINKEDIN<\/p>\t\t\t\t<\/div>\n\t\t\t\t<\/div>\n\t\t\t\t<div class=\"elementor-element elementor-element-af2d1234-514a-4ba2-8957-e138e3980afd elementor-widget elementor-widget-heading\" data-id=\"af2d1234-514a-4ba2-8957-e138e3980afd\" data-element_type=\"widget\" data-e-type=\"widget\" data-widget_type=\"heading.default\">\n\t\t\t\t<div class=\"elementor-widget-container\">\n\t\t\t\t\t<h3 class=\"elementor-heading-title elementor-size-default\">SEO is not added afterwards. It is built in from the start.<\/h3>\t\t\t\t<\/div>\n\t\t\t\t<\/div>\n\t\t\t\t<div class=\"elementor-element elementor-element-23fefcbd-77db-4387-9f47-829f7ef3622d elementor-widget elementor-widget-text-editor\" data-id=\"23fefcbd-77db-4387-9f47-829f7ef3622d\" data-element_type=\"widget\" data-e-type=\"widget\" data-widget_type=\"text-editor.default\">\n\t\t\t\t<div class=\"elementor-widget-container\">\n\t\t\t\t\t\t\t\t\t<p>Every month of delay is a month of lost organic growth.<\/p>\t\t\t\t\t\t\t\t<\/div>\n\t\t\t\t<\/div>\n\t\t\t\t<div class=\"elementor-element elementor-element-daa06ee1-df0d-4385-9a61-d7fc08a45278 elementor-widget elementor-widget-html\" data-id=\"daa06ee1-df0d-4385-9a61-d7fc08a45278\" data-element_type=\"widget\" data-e-type=\"widget\" data-widget_type=\"html.default\">\n\t\t\t\t<div class=\"elementor-widget-container\">\n\t\t\t\t\t<div class=\"hover-btns\"><a href=\"\/en\/a-savoir\/seo-linkedin\/\" class=\"hbtn hbtn-primary\"><span style='margin-right:8px;'>\u2713<\/span> Read the note<\/a><a href=\"https:\/\/arapede.net\/wp-content\/uploads\/note_seo_linkedin.pdf\" target=\"_blank\" class=\"hbtn hbtn-secondary\"><span style='margin-right:8px;'>\u2610<\/span> Download the PDF<\/a><\/div>\t\t\t\t<\/div>\n\t\t\t\t<\/div>\n\t\t\t\t<\/div>\n\t\t\t\t<\/div>\n\t\t\t\t\t<\/div>\n\t\t\t\t<\/div>\n\t\t<div class=\"elementor-element elementor-element-c85ba90 e-flex e-con-boxed e-con e-child\" data-id=\"c85ba90\" data-element_type=\"container\" data-e-type=\"container\">\n\t\t\t\t\t<div class=\"e-con-inner\">\n\t\t<div class=\"elementor-element elementor-element-eddd632 e-flex e-con-boxed e-con e-child\" data-id=\"eddd632\" data-element_type=\"container\" data-e-type=\"container\">\n\t\t\t\t\t<div class=\"e-con-inner\">\n\t\t<div class=\"elementor-element elementor-element-8a241606-1df3-4a18-b021-d26046f5de6b e-con-full e-flex e-con e-child\" data-id=\"8a241606-1df3-4a18-b021-d26046f5de6b\" data-element_type=\"container\" data-e-type=\"container\">\n\t\t\t\t<div class=\"elementor-element elementor-element-65b7c476-738c-4d3b-85db-9b3cdc0c6fef elementor-widget elementor-widget-heading\" data-id=\"65b7c476-738c-4d3b-85db-9b3cdc0c6fef\" data-element_type=\"widget\" data-e-type=\"widget\" data-widget_type=\"heading.default\">\n\t\t\t\t<div class=\"elementor-widget-container\">\n\t\t\t\t\t<p class=\"elementor-heading-title elementor-size-default\">INTEGRATED CRM<\/p>\t\t\t\t<\/div>\n\t\t\t\t<\/div>\n\t\t\t\t<div class=\"elementor-element elementor-element-03762b68-ae8c-4682-bebf-1bc70c5c052c elementor-widget elementor-widget-heading\" data-id=\"03762b68-ae8c-4682-bebf-1bc70c5c052c\" data-element_type=\"widget\" data-e-type=\"widget\" data-widget_type=\"heading.default\">\n\t\t\t\t<div class=\"elementor-widget-container\">\n\t\t\t\t\t<h3 class=\"elementor-heading-title elementor-size-default\">Manage your contacts from WordPress, with no SaaS subscription.<\/h3>\t\t\t\t<\/div>\n\t\t\t\t<\/div>\n\t\t\t\t<div class=\"elementor-element elementor-element-763ff2f2-5b58-4389-890d-ac74f97866ba elementor-widget elementor-widget-text-editor\" data-id=\"763ff2f2-5b58-4389-890d-ac74f97866ba\" data-element_type=\"widget\" data-e-type=\"widget\" data-widget_type=\"text-editor.default\">\n\t\t\t\t<div class=\"elementor-widget-container\">\n\t\t\t\t\t\t\t\t\t<p>HubSpot, Mailchimp, Brevo \u2014 expensive and disconnected from your website. There is a native alternative.<\/p>\t\t\t\t\t\t\t\t<\/div>\n\t\t\t\t<\/div>\n\t\t\t\t<div class=\"elementor-element elementor-element-149a5eaf-a018-4296-8502-a7ab8fb0b5a2 elementor-widget elementor-widget-html\" data-id=\"149a5eaf-a018-4296-8502-a7ab8fb0b5a2\" data-element_type=\"widget\" data-e-type=\"widget\" data-widget_type=\"html.default\">\n\t\t\t\t<div class=\"elementor-widget-container\">\n\t\t\t\t\t<div class=\"hover-btns\"><a href=\"\/en\/a-savoir\/crm-integre\/\" class=\"hbtn hbtn-primary\"><span style='margin-right:8px;'>\u2713<\/span> Read the note<\/a><a href=\"https:\/\/arapede.net\/wp-content\/uploads\/note_crm_framework.pdf\" target=\"_blank\" class=\"hbtn hbtn-secondary\"><span style='margin-right:8px;'>\u2610<\/span> Download the PDF<\/a><\/div>\t\t\t\t<\/div>\n\t\t\t\t<\/div>\n\t\t\t\t<\/div>\n\t\t\t\t\t<\/div>\n\t\t\t\t<\/div>\n\t\t<div class=\"elementor-element elementor-element-90e0385 e-con-full e-flex e-con e-child\" data-id=\"90e0385\" data-element_type=\"container\" data-e-type=\"container\">\n\t\t\t\t<\/div>\n\t\t\t\t\t<\/div>\n\t\t\t\t<\/div>\n\t\t<div class=\"elementor-element elementor-element-daae40e5-80ce-4763-b175-80ac41e8601a e-flex e-con-boxed e-con e-child\" data-id=\"daae40e5-80ce-4763-b175-80ac41e8601a\" data-element_type=\"container\" data-e-type=\"container\">\n\t\t\t\t\t<div class=\"e-con-inner\">\n\t\t\t\t<div class=\"elementor-element elementor-element-eb3444e0-ef7a-47e2-8bc9-bd02e83a52e3 elementor-align-center elementor-widget elementor-widget-button\" data-id=\"eb3444e0-ef7a-47e2-8bc9-bd02e83a52e3\" data-element_type=\"widget\" data-e-type=\"widget\" data-widget_type=\"button.default\">\n\t\t\t\t<div class=\"elementor-widget-container\">\n\t\t\t\t\t\t\t\t\t<div class=\"elementor-button-wrapper\">\n\t\t\t\t\t<a class=\"elementor-button elementor-button-link elementor-size-sm\" href=\"\/en\/a-savoir\/\">\n\t\t\t\t\t\t<span class=\"elementor-button-content-wrapper\">\n\t\t\t\t\t\t\t\t\t<span class=\"elementor-button-text\">\u2610  All insights<\/span>\n\t\t\t\t\t<\/span>\n\t\t\t\t\t<\/a>\n\t\t\t\t<\/div>\n\t\t\t\t\t\t\t\t<\/div>\n\t\t\t\t<\/div>\n\t\t\t\t\t<\/div>\n\t\t\t\t<\/div>\n\t\t\t\t<\/div>\n\t\t<div class=\"elementor-element elementor-element-07d0fc6 e-flex e-con-boxed e-con e-parent\" data-id=\"07d0fc6\" data-element_type=\"container\" data-e-type=\"container\">\n\t\t\t\t\t<div class=\"e-con-inner\">\n\t\t<div class=\"elementor-element elementor-element-424e0f1 e-con-full e-flex e-con e-child\" data-id=\"424e0f1\" data-element_type=\"container\" data-e-type=\"container\">\n\t\t\t\t<div class=\"elementor-element elementor-element-2e7baf6 elementor-align-center elementor-widget elementor-widget-button\" data-id=\"2e7baf6\" data-element_type=\"widget\" data-e-type=\"widget\" data-widget_type=\"button.default\">\n\t\t\t\t<div class=\"elementor-widget-container\">\n\t\t\t\t\t\t\t\t\t<div class=\"elementor-button-wrapper\">\n\t\t\t\t\t<a class=\"elementor-button elementor-button-link elementor-size-sm\" href=\"\/en\/contact\/\">\n\t\t\t\t\t\t<span class=\"elementor-button-content-wrapper\">\n\t\t\t\t\t\t\t\t\t<span class=\"elementor-button-text\">\u2713  Let's talk about your project \u2192<\/span>\n\t\t\t\t\t<\/span>\n\t\t\t\t\t<\/a>\n\t\t\t\t<\/div>\n\t\t\t\t\t\t\t\t<\/div>\n\t\t\t\t<\/div>\n\t\t\t\t<\/div>\n\t\t\t\t\t<\/div>\n\t\t\t\t<\/div>\n\t\t\t\t<\/div>","protected":false},"excerpt":{"rendered":"<p>Arap\u00e8de est un studio de cr\u00e9ation graphique, webdesign et marketing digital bas\u00e9 \u00e0 Le Lavandou sur la French Riviera. Conception de sites web, branding, identit\u00e9 visuelle et strat\u00e9gie de communication pour d\u00e9velopper votre image de marque.<\/p>","protected":false},"author":1,"featured_media":0,"parent":0,"menu_order":1,"comment_status":"closed","ping_status":"closed","template":"","meta":{"footnotes":""},"class_list":["post-476","page","type-page","status-publish","hentry"],"_links":{"self":[{"href":"https:\/\/arapede.net\/en\/wp-json\/wp\/v2\/pages\/476","targetHints":{"allow":["GET"]}}],"collection":[{"href":"https:\/\/arapede.net\/en\/wp-json\/wp\/v2\/pages"}],"about":[{"href":"https:\/\/arapede.net\/en\/wp-json\/wp\/v2\/types\/page"}],"author":[{"embeddable":true,"href":"https:\/\/arapede.net\/en\/wp-json\/wp\/v2\/users\/1"}],"replies":[{"embeddable":true,"href":"https:\/\/arapede.net\/en\/wp-json\/wp\/v2\/comments?post=476"}],"version-history":[{"count":25,"href":"https:\/\/arapede.net\/en\/wp-json\/wp\/v2\/pages\/476\/revisions"}],"predecessor-version":[{"id":2844,"href":"https:\/\/arapede.net\/en\/wp-json\/wp\/v2\/pages\/476\/revisions\/2844"}],"wp:attachment":[{"href":"https:\/\/arapede.net\/en\/wp-json\/wp\/v2\/media?parent=476"}],"curies":[{"name":"wp","href":"https:\/\/api.w.org\/{rel}","templated":true}]}}